{"id":1438,"date":"2022-07-02T21:33:00","date_gmt":"2022-07-02T19:33:00","guid":{"rendered":"https:\/\/harmonieoase.at\/info\/?page_id=1438"},"modified":"2022-07-02T22:08:09","modified_gmt":"2022-07-02T20:08:09","slug":"impressionen-videos","status":"publish","type":"page","link":"https:\/\/harmonieoase.at\/info\/impressionen-videos\/","title":{"rendered":"Impressionen &#038; Videos"},"content":{"rendered":"<h3 style=\"text-align: justify;\"><strong>der Oman <\/strong><\/h3>\n<p><a href=\"https:\/\/www.daserste.de\/information\/politik-weltgeschehen\/weltspiegel\/videos\/oman-wo-der-weihrauch-waechst-100.html\" target=\"_blank\" rel=\"noopener noreferrer\">&#8211; wo der Weihrauch w\u00e4chst &#8230;<\/a>&nbsp;<span style=\"font-size: 11px;\">(Video 7:20 minvon Weltspiegel)<\/span><\/p>\n<div style=\"text-align: justify;\">das Land auf der arabischen Halbinsel mit der Vielzahl an hochwertigen Weihrauch. Oman umfasst W\u00fcsten, Oasen in Flussbetten sowie eine lange K\u00fcste entlang des Persischen Golfs, des Arabischen Meers und des Golfs von Oman. Rimal Al Wahiba ist eine D\u00fcnenregion, die von Beduinen bewohnt wird. In der Hauptstadt Maskat mit ihrem Hafen befinden sich die imposante, moderne Gro\u00dfe Sultan-Qabus-Moschee sowie das alte Viertel Matrah mit seinem labyrinthartigen Suk und dem gesch\u00e4ftigen Fischmarkt.<\/div>\n<div>&nbsp;<\/div>\n<div style=\"text-align: center;\"><iframe loading=\"lazy\" style=\"border: 0;\" src=\"https:\/\/www.google.com\/maps\/embed?pb=!1m18!1m12!1m3!1d7608490.286143878!2d51.65624764681069!3d21.386630494527584!2m3!1f0!2f0!3f0!3m2!1i1024!2i768!4f13.1!3m3!1m2!1s0x3dd69f66a9d59bbf%3A0x3a064c7665b1a817!2sOman!5e0!3m2!1sde!2sat!4v1583137912432!5m2!1sde!2sat\" width=\"600\" height=\"450\" frameborder=\"0\" allowfullscreen=\"allowfullscreen\"><\/iframe><\/div>\n<div class=\"col-xs-6 col-sm-4 space-1\" style=\"text-align: justify;\">&nbsp;<\/div>\n\n\n<figure class=\"wp-block-gallery has-nested-images columns-default is-cropped wp-block-gallery-1 is-layout-flex wp-block-gallery-is-layout-flex\">\n<figure class=\"wp-block-image size-large\"><img loading=\"lazy\" decoding=\"async\" width=\"480\" height=\"360\" data-id=\"1451\" src=\"https:\/\/harmonieoase.at\/info\/wp-content\/uploads\/2022\/07\/muscat.jpg\" alt=\"\" class=\"wp-image-1451\" srcset=\"https:\/\/harmonieoase.at\/info\/wp-content\/uploads\/2022\/07\/muscat.jpg 480w, https:\/\/harmonieoase.at\/info\/wp-content\/uploads\/2022\/07\/muscat-300x225.jpg 300w\" sizes=\"auto, (max-width: 480px) 100vw, 480px\" \/><\/figure>\n\n\n\n<figure class=\"wp-block-image size-large\"><img loading=\"lazy\" decoding=\"async\" width=\"480\" height=\"318\" data-id=\"1452\" src=\"https:\/\/harmonieoase.at\/info\/wp-content\/uploads\/2022\/07\/oman.jpg\" alt=\"\" class=\"wp-image-1452\" srcset=\"https:\/\/harmonieoase.at\/info\/wp-content\/uploads\/2022\/07\/oman.jpg 480w, https:\/\/harmonieoase.at\/info\/wp-content\/uploads\/2022\/07\/oman-300x199.jpg 300w\" sizes=\"auto, (max-width: 480px) 100vw, 480px\" \/><\/figure>\n\n\n\n<figure class=\"wp-block-image size-large\"><img loading=\"lazy\" decoding=\"async\" width=\"480\" height=\"318\" data-id=\"1454\" src=\"https:\/\/harmonieoase.at\/info\/wp-content\/uploads\/2022\/07\/oman-1.jpg\" alt=\"\" class=\"wp-image-1454\" srcset=\"https:\/\/harmonieoase.at\/info\/wp-content\/uploads\/2022\/07\/oman-1.jpg 480w, https:\/\/harmonieoase.at\/info\/wp-content\/uploads\/2022\/07\/oman-1-300x199.jpg 300w\" sizes=\"auto, (max-width: 480px) 100vw, 480px\" \/><\/figure>\n\n\n\n<figure class=\"wp-block-image size-large\"><img loading=\"lazy\" decoding=\"async\" width=\"480\" height=\"320\" data-id=\"1453\" src=\"https:\/\/harmonieoase.at\/info\/wp-content\/uploads\/2022\/07\/oman-2.jpg\" alt=\"\" class=\"wp-image-1453\" srcset=\"https:\/\/harmonieoase.at\/info\/wp-content\/uploads\/2022\/07\/oman-2.jpg 480w, https:\/\/harmonieoase.at\/info\/wp-content\/uploads\/2022\/07\/oman-2-300x200.jpg 300w\" sizes=\"auto, (max-width: 480px) 100vw, 480px\" \/><\/figure>\n\n\n\n<figure class=\"wp-block-image size-large\"><img loading=\"lazy\" decoding=\"async\" width=\"202\" height=\"360\" data-id=\"1450\" src=\"https:\/\/harmonieoase.at\/info\/wp-content\/uploads\/2022\/07\/oman-3.jpg\" alt=\"\" class=\"wp-image-1450\" srcset=\"https:\/\/harmonieoase.at\/info\/wp-content\/uploads\/2022\/07\/oman-3.jpg 202w, https:\/\/harmonieoase.at\/info\/wp-content\/uploads\/2022\/07\/oman-3-168x300.jpg 168w\" sizes=\"auto, (max-width: 202px) 100vw, 202px\" \/><\/figure>\n\n\n\n<figure class=\"wp-block-image size-large\"><img loading=\"lazy\" decoding=\"async\" width=\"480\" height=\"320\" data-id=\"1455\" src=\"https:\/\/harmonieoase.at\/info\/wp-content\/uploads\/2022\/07\/oman-4.jpg\" alt=\"\" class=\"wp-image-1455\" srcset=\"https:\/\/harmonieoase.at\/info\/wp-content\/uploads\/2022\/07\/oman-4.jpg 480w, https:\/\/harmonieoase.at\/info\/wp-content\/uploads\/2022\/07\/oman-4-300x200.jpg 300w\" sizes=\"auto, (max-width: 480px) 100vw, 480px\" \/><\/figure>\n\n\n\n<figure class=\"wp-block-image size-large\"><img loading=\"lazy\" decoding=\"async\" width=\"480\" height=\"320\" data-id=\"1456\" src=\"https:\/\/harmonieoase.at\/info\/wp-content\/uploads\/2022\/07\/oman-5.jpg\" alt=\"\" class=\"wp-image-1456\" srcset=\"https:\/\/harmonieoase.at\/info\/wp-content\/uploads\/2022\/07\/oman-5.jpg 480w, https:\/\/harmonieoase.at\/info\/wp-content\/uploads\/2022\/07\/oman-5-300x200.jpg 300w\" sizes=\"auto, (max-width: 480px) 100vw, 480px\" \/><\/figure>\n\n\n\n<figure class=\"wp-block-image size-large\"><img loading=\"lazy\" decoding=\"async\" width=\"480\" height=\"360\" data-id=\"1457\" src=\"https:\/\/harmonieoase.at\/info\/wp-content\/uploads\/2022\/07\/resin-1.jpg\" alt=\"\" class=\"wp-image-1457\" srcset=\"https:\/\/harmonieoase.at\/info\/wp-content\/uploads\/2022\/07\/resin-1.jpg 480w, https:\/\/harmonieoase.at\/info\/wp-content\/uploads\/2022\/07\/resin-1-300x225.jpg 300w\" sizes=\"auto, (max-width: 480px) 100vw, 480px\" \/><\/figure>\n\n\n\n<figure class=\"wp-block-image size-large\"><img loading=\"lazy\" decoding=\"async\" width=\"480\" height=\"360\" data-id=\"1459\" src=\"https:\/\/harmonieoase.at\/info\/wp-content\/uploads\/2022\/07\/resin-2.jpg\" alt=\"\" class=\"wp-image-1459\" srcset=\"https:\/\/harmonieoase.at\/info\/wp-content\/uploads\/2022\/07\/resin-2.jpg 480w, https:\/\/harmonieoase.at\/info\/wp-content\/uploads\/2022\/07\/resin-2-300x225.jpg 300w\" sizes=\"auto, (max-width: 480px) 100vw, 480px\" \/><\/figure>\n\n\n\n<figure class=\"wp-block-image size-large\"><img loading=\"lazy\" decoding=\"async\" width=\"480\" height=\"320\" data-id=\"1460\" src=\"https:\/\/harmonieoase.at\/info\/wp-content\/uploads\/2022\/07\/resin-3.jpg\" alt=\"\" class=\"wp-image-1460\" srcset=\"https:\/\/harmonieoase.at\/info\/wp-content\/uploads\/2022\/07\/resin-3.jpg 480w, https:\/\/harmonieoase.at\/info\/wp-content\/uploads\/2022\/07\/resin-3-300x200.jpg 300w\" sizes=\"auto, (max-width: 480px) 100vw, 480px\" \/><\/figure>\n\n\n\n<figure class=\"wp-block-image size-large\"><img loading=\"lazy\" decoding=\"async\" width=\"480\" height=\"360\" data-id=\"1458\" src=\"https:\/\/harmonieoase.at\/info\/wp-content\/uploads\/2022\/07\/weihrauchbaum.jpg\" alt=\"\" class=\"wp-image-1458\" srcset=\"https:\/\/harmonieoase.at\/info\/wp-content\/uploads\/2022\/07\/weihrauchbaum.jpg 480w, https:\/\/harmonieoase.at\/info\/wp-content\/uploads\/2022\/07\/weihrauchbaum-300x225.jpg 300w\" sizes=\"auto, (max-width: 480px) 100vw, 480px\" \/><\/figure>\n<\/figure>\n\n\n\n<p><\/p>\n\n\n<p><iframe loading=\"lazy\" src=\"https:\/\/www.youtube.com\/embed\/n-61VsGTDfU\" width=\"350\" height=\"250\" frameborder=\"0\" allowfullscreen=\"allowfullscreen\"><\/iframe><\/p>\n<p><iframe loading=\"lazy\" src=\"https:\/\/www.youtube.com\/embed\/is5S0q1ZuOg\" width=\"350\" height=\"250\" frameborder=\"0\" allowfullscreen=\"allowfullscreen\"><\/iframe><\/p>\n<p><iframe loading=\"lazy\" title=\"YouTube video player\" src=\"https:\/\/www.youtube.com\/embed\/AFy5f8PWoGI\" width=\"350\" height=\"250\" frameborder=\"0\" allowfullscreen=\"allowfullscreen\"><\/p>\n<p><\/iframe><iframe loading=\"lazy\" title=\"YouTube video player\" src=\"https:\/\/www.youtube.com\/embed\/NDSthjxws_U\" width=\"350\" height=\"250\" frameborder=\"0\" allowfullscreen=\"allowfullscreen\"><\/iframe><\/p>\n<p><iframe loading=\"lazy\" title=\"YouTube video player\" src=\"https:\/\/www.youtube.com\/embed\/ERIEsQ4bQpI\" width=\"350\" height=\"250\" frameborder=\"0\" allowfullscreen=\"allowfullscreen\"><\/iframe><\/p>\n<p><iframe loading=\"lazy\" title=\"YouTube video player\" src=\"https:\/\/www.youtube.com\/embed\/QcuUlyXtsVo\" width=\"350\" height=\"250\" frameborder=\"0\" allowfullscreen=\"allowfullscreen\"><\/iframe><\/p>\n<p><iframe loading=\"lazy\" title=\"YouTube video player\" src=\"https:\/\/www.youtube.com\/embed\/Jl3Tx-r-ENM\" width=\"350\" height=\"250\" frameborder=\"0\" allowfullscreen=\"allowfullscreen\"><\/iframe><\/p>","protected":false},"excerpt":{"rendered":"<p>der Oman &#8211; wo der Weihrauch w\u00e4chst &#8230;&nbsp;(Video 7:20 minvon Weltspiegel) das Land auf der arabischen Halbinsel mit der Vielzahl an hochwertigen Weihrauch. Oman umfasst W\u00fcsten, Oasen in Flussbetten sowie &#8230;<\/p>\n","protected":false},"author":3,"featured_media":0,"parent":0,"menu_order":0,"comment_status":"closed","ping_status":"closed","template":"","meta":{"footnotes":""},"class_list":["post-1438","page","type-page","status-publish","hentry"],"yoast_head":"<!-- This site is optimized with the Yoast SEO plugin v27.4 - https:\/\/yoast.com\/product\/yoast-seo-wordpress\/ -->\n<title>Impressionen &amp; Videos - Harmonieoase [Information &amp; Blog]<\/title>\n<meta name=\"robots\" content=\"index, follow, max-snippet:-1, max-image-preview:large, max-video-preview:-1\" \/>\n<link rel=\"canonical\" href=\"https:\/\/harmonieoase.at\/info\/impressionen-videos\/\" \/>\n<meta property=\"og:locale\" content=\"de_DE\" \/>\n<meta property=\"og:type\" content=\"article\" \/>\n<meta property=\"og:title\" content=\"Impressionen &amp; Videos - Harmonieoase [Information &amp; Blog]\" \/>\n<meta property=\"og:description\" content=\"der Oman &#8211; wo der Weihrauch w\u00e4chst &#8230;&nbsp;(Video 7:20 minvon Weltspiegel) das Land auf der arabischen Halbinsel mit der Vielzahl an hochwertigen Weihrauch. Oman umfasst W\u00fcsten, Oasen in Flussbetten sowie ...\" \/>\n<meta property=\"og:url\" content=\"https:\/\/harmonieoase.at\/info\/impressionen-videos\/\" \/>\n<meta property=\"og:site_name\" content=\"Harmonieoase [Information &amp; Blog]\" \/>\n<meta property=\"article:modified_time\" content=\"2022-07-02T20:08:09+00:00\" \/>\n<meta property=\"og:image\" content=\"https:\/\/harmonieoase.at\/info\/wp-content\/uploads\/2022\/07\/muscat.jpg\" \/>\n<meta name=\"twitter:card\" content=\"summary_large_image\" \/>\n<script type=\"application\/ld+json\" class=\"yoast-schema-graph\">{\"@context\":\"https:\\\/\\\/schema.org\",\"@graph\":[{\"@type\":\"WebPage\",\"@id\":\"https:\\\/\\\/harmonieoase.at\\\/info\\\/impressionen-videos\\\/\",\"url\":\"https:\\\/\\\/harmonieoase.at\\\/info\\\/impressionen-videos\\\/\",\"name\":\"Impressionen & Videos - Harmonieoase [Information &amp; Blog]\",\"isPartOf\":{\"@id\":\"https:\\\/\\\/harmonieoase.at\\\/info\\\/#website\"},\"primaryImageOfPage\":{\"@id\":\"https:\\\/\\\/harmonieoase.at\\\/info\\\/impressionen-videos\\\/#primaryimage\"},\"image\":{\"@id\":\"https:\\\/\\\/harmonieoase.at\\\/info\\\/impressionen-videos\\\/#primaryimage\"},\"thumbnailUrl\":\"https:\\\/\\\/harmonieoase.at\\\/info\\\/wp-content\\\/uploads\\\/2022\\\/07\\\/muscat.jpg\",\"datePublished\":\"2022-07-02T19:33:00+00:00\",\"dateModified\":\"2022-07-02T20:08:09+00:00\",\"breadcrumb\":{\"@id\":\"https:\\\/\\\/harmonieoase.at\\\/info\\\/impressionen-videos\\\/#breadcrumb\"},\"inLanguage\":\"de\",\"potentialAction\":[{\"@type\":\"ReadAction\",\"target\":[\"https:\\\/\\\/harmonieoase.at\\\/info\\\/impressionen-videos\\\/\"]}]},{\"@type\":\"ImageObject\",\"inLanguage\":\"de\",\"@id\":\"https:\\\/\\\/harmonieoase.at\\\/info\\\/impressionen-videos\\\/#primaryimage\",\"url\":\"https:\\\/\\\/harmonieoase.at\\\/info\\\/wp-content\\\/uploads\\\/2022\\\/07\\\/muscat.jpg\",\"contentUrl\":\"https:\\\/\\\/harmonieoase.at\\\/info\\\/wp-content\\\/uploads\\\/2022\\\/07\\\/muscat.jpg\",\"width\":480,\"height\":360},{\"@type\":\"BreadcrumbList\",\"@id\":\"https:\\\/\\\/harmonieoase.at\\\/info\\\/impressionen-videos\\\/#breadcrumb\",\"itemListElement\":[{\"@type\":\"ListItem\",\"position\":1,\"name\":\"Startseite\",\"item\":\"https:\\\/\\\/harmonieoase.at\\\/info\\\/\"},{\"@type\":\"ListItem\",\"position\":2,\"name\":\"Impressionen &#038; Videos\"}]},{\"@type\":\"WebSite\",\"@id\":\"https:\\\/\\\/harmonieoase.at\\\/info\\\/#website\",\"url\":\"https:\\\/\\\/harmonieoase.at\\\/info\\\/\",\"name\":\"Harmonieoase [Information &amp; Blog]\",\"description\":\"Eine weitere WordPress-Website\",\"publisher\":{\"@id\":\"https:\\\/\\\/harmonieoase.at\\\/info\\\/#organization\"},\"potentialAction\":[{\"@type\":\"SearchAction\",\"target\":{\"@type\":\"EntryPoint\",\"urlTemplate\":\"https:\\\/\\\/harmonieoase.at\\\/info\\\/?s={search_term_string}\"},\"query-input\":{\"@type\":\"PropertyValueSpecification\",\"valueRequired\":true,\"valueName\":\"search_term_string\"}}],\"inLanguage\":\"de\"},{\"@type\":\"Organization\",\"@id\":\"https:\\\/\\\/harmonieoase.at\\\/info\\\/#organization\",\"name\":\"Harmonieoase [Information &amp; Blog]\",\"url\":\"https:\\\/\\\/harmonieoase.at\\\/info\\\/\",\"logo\":{\"@type\":\"ImageObject\",\"inLanguage\":\"de\",\"@id\":\"https:\\\/\\\/harmonieoase.at\\\/info\\\/#\\\/schema\\\/logo\\\/image\\\/\",\"url\":\"https:\\\/\\\/harmonieoase.at\\\/info\\\/wp-content\\\/uploads\\\/2022\\\/06\\\/cropped-logo.png\",\"contentUrl\":\"https:\\\/\\\/harmonieoase.at\\\/info\\\/wp-content\\\/uploads\\\/2022\\\/06\\\/cropped-logo.png\",\"width\":999,\"height\":369,\"caption\":\"Harmonieoase [Information &amp; Blog]\"},\"image\":{\"@id\":\"https:\\\/\\\/harmonieoase.at\\\/info\\\/#\\\/schema\\\/logo\\\/image\\\/\"}}]}<\/script>\n<!-- \/ Yoast SEO plugin. -->","yoast_head_json":{"title":"Impressionen & Videos - Harmonieoase [Information &amp; Blog]","robots":{"index":"index","follow":"follow","max-snippet":"max-snippet:-1","max-image-preview":"max-image-preview:large","max-video-preview":"max-video-preview:-1"},"canonical":"https:\/\/harmonieoase.at\/info\/impressionen-videos\/","og_locale":"de_DE","og_type":"article","og_title":"Impressionen & Videos - Harmonieoase [Information &amp; Blog]","og_description":"der Oman &#8211; wo der Weihrauch w\u00e4chst &#8230;&nbsp;(Video 7:20 minvon Weltspiegel) das Land auf der arabischen Halbinsel mit der Vielzahl an hochwertigen Weihrauch. Oman umfasst W\u00fcsten, Oasen in Flussbetten sowie ...","og_url":"https:\/\/harmonieoase.at\/info\/impressionen-videos\/","og_site_name":"Harmonieoase [Information &amp; Blog]","article_modified_time":"2022-07-02T20:08:09+00:00","og_image":[{"url":"https:\/\/harmonieoase.at\/info\/wp-content\/uploads\/2022\/07\/muscat.jpg","type":"","width":"","height":""}],"twitter_card":"summary_large_image","schema":{"@context":"https:\/\/schema.org","@graph":[{"@type":"WebPage","@id":"https:\/\/harmonieoase.at\/info\/impressionen-videos\/","url":"https:\/\/harmonieoase.at\/info\/impressionen-videos\/","name":"Impressionen & Videos - Harmonieoase [Information &amp; Blog]","isPartOf":{"@id":"https:\/\/harmonieoase.at\/info\/#website"},"primaryImageOfPage":{"@id":"https:\/\/harmonieoase.at\/info\/impressionen-videos\/#primaryimage"},"image":{"@id":"https:\/\/harmonieoase.at\/info\/impressionen-videos\/#primaryimage"},"thumbnailUrl":"https:\/\/harmonieoase.at\/info\/wp-content\/uploads\/2022\/07\/muscat.jpg","datePublished":"2022-07-02T19:33:00+00:00","dateModified":"2022-07-02T20:08:09+00:00","breadcrumb":{"@id":"https:\/\/harmonieoase.at\/info\/impressionen-videos\/#breadcrumb"},"inLanguage":"de","potentialAction":[{"@type":"ReadAction","target":["https:\/\/harmonieoase.at\/info\/impressionen-videos\/"]}]},{"@type":"ImageObject","inLanguage":"de","@id":"https:\/\/harmonieoase.at\/info\/impressionen-videos\/#primaryimage","url":"https:\/\/harmonieoase.at\/info\/wp-content\/uploads\/2022\/07\/muscat.jpg","contentUrl":"https:\/\/harmonieoase.at\/info\/wp-content\/uploads\/2022\/07\/muscat.jpg","width":480,"height":360},{"@type":"BreadcrumbList","@id":"https:\/\/harmonieoase.at\/info\/impressionen-videos\/#breadcrumb","itemListElement":[{"@type":"ListItem","position":1,"name":"Startseite","item":"https:\/\/harmonieoase.at\/info\/"},{"@type":"ListItem","position":2,"name":"Impressionen &#038; Videos"}]},{"@type":"WebSite","@id":"https:\/\/harmonieoase.at\/info\/#website","url":"https:\/\/harmonieoase.at\/info\/","name":"Harmonieoase [Information &amp; Blog]","description":"Eine weitere WordPress-Website","publisher":{"@id":"https:\/\/harmonieoase.at\/info\/#organization"},"potentialAction":[{"@type":"SearchAction","target":{"@type":"EntryPoint","urlTemplate":"https:\/\/harmonieoase.at\/info\/?s={search_term_string}"},"query-input":{"@type":"PropertyValueSpecification","valueRequired":true,"valueName":"search_term_string"}}],"inLanguage":"de"},{"@type":"Organization","@id":"https:\/\/harmonieoase.at\/info\/#organization","name":"Harmonieoase [Information &amp; Blog]","url":"https:\/\/harmonieoase.at\/info\/","logo":{"@type":"ImageObject","inLanguage":"de","@id":"https:\/\/harmonieoase.at\/info\/#\/schema\/logo\/image\/","url":"https:\/\/harmonieoase.at\/info\/wp-content\/uploads\/2022\/06\/cropped-logo.png","contentUrl":"https:\/\/harmonieoase.at\/info\/wp-content\/uploads\/2022\/06\/cropped-logo.png","width":999,"height":369,"caption":"Harmonieoase [Information &amp; Blog]"},"image":{"@id":"https:\/\/harmonieoase.at\/info\/#\/schema\/logo\/image\/"}}]}},"_links":{"self":[{"href":"https:\/\/harmonieoase.at\/info\/wp-json\/wp\/v2\/pages\/1438","targetHints":{"allow":["GET"]}}],"collection":[{"href":"https:\/\/harmonieoase.at\/info\/wp-json\/wp\/v2\/pages"}],"about":[{"href":"https:\/\/harmonieoase.at\/info\/wp-json\/wp\/v2\/types\/page"}],"author":[{"embeddable":true,"href":"https:\/\/harmonieoase.at\/info\/wp-json\/wp\/v2\/users\/3"}],"replies":[{"embeddable":true,"href":"https:\/\/harmonieoase.at\/info\/wp-json\/wp\/v2\/comments?post=1438"}],"version-history":[{"count":13,"href":"https:\/\/harmonieoase.at\/info\/wp-json\/wp\/v2\/pages\/1438\/revisions"}],"predecessor-version":[{"id":1469,"href":"https:\/\/harmonieoase.at\/info\/wp-json\/wp\/v2\/pages\/1438\/revisions\/1469"}],"wp:attachment":[{"href":"https:\/\/harmonieoase.at\/info\/wp-json\/wp\/v2\/media?parent=1438"}],"curies":[{"name":"wp","href":"https:\/\/api.w.org\/{rel}","templated":true}]}}